{"id":93,"date":"2019-09-24T11:48:47","date_gmt":"2019-09-24T09:48:47","guid":{"rendered":"http:\/\/eccellenza.stat.unipd.it\/?page_id=93"},"modified":"2019-12-11T08:57:26","modified_gmt":"2019-12-11T07:57:26","slug":"monitoraggio","status":"publish","type":"page","link":"https:\/\/eccellenza.stat.unipd.it\/index.php\/monitoraggio\/","title":{"rendered":"Monitoraggio"},"content":{"rendered":"\n<p>Il monitoraggio delle attivit\u00e0 Progetto di Eccellenza \u00e8 affidato a un Gruppo di Governance che coordina le attivit\u00e0 lo stato di avanzamento.\u00a0<br>Il Gruppo di Governance \u00e8 formato dalla Direttrice del Dipartimento, Prof.ssa Giovanna Boccuzzo, dal Prof. Gianfranco Adimari, dalla Prof.ssa Maria Castiglioni e dal Segretario amministrativo Andrea Berto.\u00a0<\/p>\n\n\n\n<p>La valutazione del Progetto di Eccellenza \u00e8 affidata a un Advisory Board, costituito da scienziati di livello internazionale che agiranno in 3 momenti distinti, con cadenza regolare: per definire l\u2019indirizzo generale del progetto, fare una valutazione di medio termine e fornire indicazioni per l&#8217;ultimo triennio, fare un bilancio finale e dare un indirizzo verso nuove linee di sviluppo.<\/p>\n\n\n\n<p>L\u2019Advisory Board \u00e8 composto da:<br>Tommaso Proietti, Professore di Statistica Economica, Universit\u00e0 Roma&nbsp;<a href=\"https:\/\/web.uniroma2.it\/\">Tor Vergata<\/a><br>Ernst Wit, Professore di Statistica e Data Science,&nbsp;<a href=\"http:\/\/www.lcs.usi.ch&gt;\">Institute of Computational Science, Universit\u00e0 Italiana<\/a>, e Honorary Professor of Statistics University of Groningen;&nbsp;<br>Emilio Zagheni, Professore di Sociologia, University of Washington, e direttore del&nbsp;<a href=\"http:\/\/www.demogr.mpg.de\/en\">Max Planck Institute for Demographic Research di Rostock.<\/a><\/p>\n","protected":false},"excerpt":{"rendered":"<p>Il monitoraggio delle attivit\u00e0 Progetto di Eccellenza \u00e8 affidato a un Gruppo di Governance che coordina le attivit\u00e0 lo stato di avanzamento.\u00a0Il Gruppo di Governance \u00e8 formato dalla Direttrice del Dipartimento, Prof.ssa Giovanna Boccuzzo, dal Prof. Gianfranco Adimari, dalla Prof.ssa Maria Castiglioni e dal Segretario amministrativo Andrea Berto.\u00a0 La valutazione del Progetto di Eccellenza \u00e8 &hellip; <a href=\"https:\/\/eccellenza.stat.unipd.it\/index.php\/monitoraggio\/\" class=\"more-link\">Leggi tutto <span class=\"screen-reader-text\">Monitoraggio<\/span><\/a><\/p>\n","protected":false},"author":1,"featured_media":0,"parent":0,"menu_order":0,"comment_status":"closed","ping_status":"closed","template":"","meta":{"footnotes":""},"class_list":["post-93","page","type-page","status-publish","hentry","no-featured-image"],"_links":{"self":[{"href":"https:\/\/eccellenza.stat.unipd.it\/index.php\/wp-json\/wp\/v2\/pages\/93","targetHints":{"allow":["GET"]}}],"collection":[{"href":"https:\/\/eccellenza.stat.unipd.it\/index.php\/wp-json\/wp\/v2\/pages"}],"about":[{"href":"https:\/\/eccellenza.stat.unipd.it\/index.php\/wp-json\/wp\/v2\/types\/page"}],"author":[{"embeddable":true,"href":"https:\/\/eccellenza.stat.unipd.it\/index.php\/wp-json\/wp\/v2\/users\/1"}],"replies":[{"embeddable":true,"href":"https:\/\/eccellenza.stat.unipd.it\/index.php\/wp-json\/wp\/v2\/comments?post=93"}],"version-history":[{"count":2,"href":"https:\/\/eccellenza.stat.unipd.it\/index.php\/wp-json\/wp\/v2\/pages\/93\/revisions"}],"predecessor-version":[{"id":348,"href":"https:\/\/eccellenza.stat.unipd.it\/index.php\/wp-json\/wp\/v2\/pages\/93\/revisions\/348"}],"wp:attachment":[{"href":"https:\/\/eccellenza.stat.unipd.it\/index.php\/wp-json\/wp\/v2\/media?parent=93"}],"curies":[{"name":"wp","href":"https:\/\/api.w.org\/{rel}","templated":true}]}}